{"id":329,"date":"2020-04-10T18:10:53","date_gmt":"2020-04-10T16:10:53","guid":{"rendered":"http:\/\/fodjan.net\/?page_id=329"},"modified":"2026-04-29T16:08:09","modified_gmt":"2026-04-29T14:08:09","slug":"impressum","status":"publish","type":"page","link":"https:\/\/wordpress-staging.fodjan.com\/de\/impressum\/","title":{"rendered":"Impressum"},"content":{"rendered":"\n<h2 class=\"wp-block-heading\">Diensteanbieter<\/h2>\n\n\n\n<p>fodjan GmbH <br>Gro\u00dfenhainer Stra\u00dfe 101 <br>01127 Dresden<\/p>\n\n\n\n<p>Gesch\u00e4ftsf\u00fchrer: Henri Geerts<br>Umsatzsteuer Identifikationsnummer (USt-ID): DE296779672<br>Handelsregister Amtsgericht Dresden HRB 33719<\/p>\n\n\n\n<h2 class=\"wp-block-heading\">Kontaktm\u00f6glichkeiten <\/h2>\n\n\n\n<p>E-Mail-Adresse: info@fodjan.de<br>Telefon: 0351\/ 4188 6693<\/p>\n\n\n\n<p>Inhaltlich verantwortlich: Henri Geerts, Gro\u00dfenhainer Stra\u00dfe 101, 01127 Dresden<\/p>\n\n\n\n<h2 class=\"wp-block-heading\">Social Media und andere Onlinepr\u00e4senzen<\/h2>\n\n\n\n<p>Dieses Impressum gilt auch f\u00fcr die folgenden Social-Media-Pr\u00e4senzen und Onlineprofile:<\/p>\n\n\n\n<p><a href=\"https:\/\/www.facebook.com\/fodjan.de\/ \">https:\/\/www.facebook.com\/fodjan.de\/ <\/a><br><a href=\"https:\/\/www.youtube.com\/channel\/UCKwdzpWq1uy0sblX3_VIKHg\">https:\/\/www.youtube.com\/channel\/UCKwdzpWq1uy0sblX3_VIKHg<\/a><\/p>\n\n\n\n<h2 class=\"wp-block-heading\">Vorbehalt der Nutzung f\u00fcr Text und Data Mining<\/h2>\n\n\n\n<p>Vorbehalt der Nutzung f\u00fcr Text und Data Mining: Der Inhaber dieser Website gestattet die Nutzung oder das Herunterladen von Inhalten dieser Website durch Dritte f\u00fcr die Entwicklung, das Training oder den Betrieb von k\u00fcnstlicher Intelligenz oder anderen maschinellen Lernsystemen (&#8222;Text und Data Mining&#8220;) ausschlie\u00dflich mit ausdr\u00fccklicher schriftlicher Zustimmung des Inhabers. Ohne eine solche Zustimmung ist es untersagt, die Inhalte f\u00fcr Text und Data Mining zu verwenden. Dies gilt auch, wenn auf der Website keine Meta-Angaben vorhanden sind, die entsprechende Verfahren aussperren, und selbst dann, wenn Bots, die den Zweck haben, die Website zu Zwecken des Text und Data Mining auszulesen, nicht ausgesperrt werden.<\/p>\n\n\n\n<h2 class=\"wp-block-heading\">Haftungsausschluss<\/h2>\n\n\n\n<p>Haftungsausschluss: Die Inhalte dieses Onlineangebotes wurden sorgf\u00e4ltig und nach unserem aktuellen Kenntnis-stand erstellt, dienen jedoch nur der Information und entfalten keine rechtlich bindende Wirkung, sofern es sich nicht um gesetzlich verpflichtende Informationen (z. B. das Impressum, die Datenschutzerkl\u00e4rung, AGB oder verpflichtende Belehrungen von Verbrauchern) handelt. Wir behalten uns vor, die Inhalte vollst\u00e4ndig oder teilweise zu \u00e4ndern oder zu l\u00f6schen, soweit vertragliche Verpflichtungen unber\u00fchrt bleiben. Alle Angebote sind freibleibend und unverbindlich.<\/p>\n\n\n\n<p>Links auf fremde Webseiten: Die Inhalte fremder Webseiten, auf die wir direkt oder indirekt verweisen, liegen au\u00dferhalb unseres Verantwortungsbereiches und wir machen sie uns nicht zu Eigen. F\u00fcr alle Inhalte und Nachteile, die aus der Nutzung der in den verlinkten Webseiten aufrufbaren Informationen entstehen, \u00fcbernehmen wir keine Verantwortung.<\/p>\n\n\n\n<h2 class=\"wp-block-heading\">Rechtswirksamkeit dieses Haftungsausschlusses <\/h2>\n\n\n\n<p>Dieser Haftungsausschluss ist als Teil des Internetangebotes zu betrachten, von dem aus auf diese Seite verwiesen wurde. Sofern Teile oder einzelne Formulierungen dieses Textes der geltenden Rechtslage nicht, nicht mehr oder nicht vollst\u00e4ndig entsprechen sollten, bleiben die \u00fcbrigen Teile des Dokuments in ihrem Inhalt und ihrer G\u00fcltigkeit hiervon unber\u00fchrt.<\/p>\n\n\n\n<h2 class=\"wp-block-heading\">Schutzrechtshinweise<\/h2>\n\n\n\n<p>Urheberrechte und Markenrechte: Alle auf dieser Website dargestellten Inhalte, wie Texte, Fotografien, Grafiken, Marken und Warenzeichen sind durch die jeweiligen Schutzrechte (Urheberrechte, Markenrechte) gesch\u00fctzt. Die Verwendung, Vervielf\u00e4ltigung usw. unterliegen unseren Rechten oder den Rechten der jeweiligen Urheber bzw. Rechteinhaber.<\/p>\n\n\n\n<p>Hinweise auf Rechtsverst\u00f6\u00dfe: Sollten Sie innerhalb unseres Internetauftritts Rechtsverst\u00f6\u00dfe bemerken, bitten wir Sie uns auf diese hinzuweisen. Wir werden rechtswidrige Inhalte und Links nach Kenntnisnahme unverz\u00fcglich entfernen.<\/p>\n\n\n\n<p><\/p>\n","protected":false},"excerpt":{"rendered":"<p>Diensteanbieter fodjan GmbH Gro\u00dfenhainer Stra\u00dfe 101 01127 Dresden Gesch\u00e4ftsf\u00fchrer: Henri GeertsUmsatzsteuer Identifikationsnummer (USt-ID): DE296779672Handelsregister Amtsgericht Dresden HRB 33719 Kontaktm\u00f6glichkeiten E-Mail-Adresse: [&hellip;]<\/p>\n","protected":false},"author":3,"featured_media":0,"parent":0,"menu_order":0,"comment_status":"closed","ping_status":"closed","template":"","meta":{"_acf_changed":false,"inline_featured_image":false,"footnotes":""},"categories":[],"tags":[280],"class_list":["post-329","page","type-page","status-publish","hentry","tag-footerseite"],"acf":[],"yoast_head":"<!-- This site is optimized with the Yoast SEO plugin v27.5 - https:\/\/yoast.com\/product\/yoast-seo-wordpress\/ -->\n<title>fodjan smart feeding<\/title>\n<meta name=\"description\" content=\"So erreichen Sie uns bei fodjan | Hier finden Sie unsere Adresse, Telefonnummer, E-Mail-Kontakt, uvm.\" \/>\n<meta name=\"robots\" content=\"index, follow, max-snippet:-1, max-image-preview:large, max-video-preview:-1\" \/>\n<link rel=\"canonical\" href=\"https:\/\/wordpress-staging.fodjan.com\/de\/impressum\/\" \/>\n<meta property=\"og:locale\" content=\"de_DE\" \/>\n<meta property=\"og:type\" content=\"article\" \/>\n<meta property=\"og:title\" content=\"Impressum - fodjan smart feeding\" \/>\n<meta property=\"og:description\" content=\"So erreichen Sie uns bei fodjan | Hier finden Sie unsere Adresse, Telefonnummer, E-Mail-Kontakt, uvm.\" \/>\n<meta property=\"og:url\" content=\"https:\/\/wordpress-staging.fodjan.com\/de\/impressum\/\" \/>\n<meta property=\"og:site_name\" content=\"fodjan smart feeding\" \/>\n<meta property=\"article:publisher\" content=\"https:\/\/de-de.facebook.com\/fodjan.de\/\" \/>\n<meta property=\"article:modified_time\" content=\"2026-04-29T14:08:09+00:00\" \/>\n<meta property=\"og:image\" content=\"https:\/\/wordpress-staging.fodjan.com\/wp-content\/uploads\/2020\/05\/fodjan_App.jpg\" \/>\n\t<meta property=\"og:image:width\" content=\"1920\" \/>\n\t<meta property=\"og:image:height\" content=\"1280\" \/>\n\t<meta property=\"og:image:type\" content=\"image\/jpeg\" \/>\n<meta name=\"twitter:card\" content=\"summary_large_image\" \/>\n<meta name=\"twitter:site\" content=\"@fodjan\" \/>\n<script type=\"application\/ld+json\" class=\"yoast-schema-graph\">{\"@context\":\"https:\\\/\\\/schema.org\",\"@graph\":[{\"@type\":\"WebPage\",\"@id\":\"https:\\\/\\\/wordpress-staging.fodjan.com\\\/de\\\/impressum\\\/\",\"url\":\"https:\\\/\\\/wordpress-staging.fodjan.com\\\/de\\\/impressum\\\/\",\"name\":\"Impressum - fodjan smart feeding\",\"isPartOf\":{\"@id\":\"https:\\\/\\\/wordpress-staging.fodjan.com\\\/de\\\/#website\"},\"datePublished\":\"2020-04-10T16:10:53+00:00\",\"dateModified\":\"2026-04-29T14:08:09+00:00\",\"description\":\"So erreichen Sie uns bei fodjan | Hier finden Sie unsere Adresse, Telefonnummer, E-Mail-Kontakt, uvm.\",\"breadcrumb\":{\"@id\":\"https:\\\/\\\/wordpress-staging.fodjan.com\\\/de\\\/impressum\\\/#breadcrumb\"},\"inLanguage\":\"de\",\"potentialAction\":[{\"@type\":\"ReadAction\",\"target\":[\"https:\\\/\\\/wordpress-staging.fodjan.com\\\/de\\\/impressum\\\/\"]}]},{\"@type\":\"BreadcrumbList\",\"@id\":\"https:\\\/\\\/wordpress-staging.fodjan.com\\\/de\\\/impressum\\\/#breadcrumb\",\"itemListElement\":[{\"@type\":\"ListItem\",\"position\":1,\"name\":\"Home\",\"item\":\"https:\\\/\\\/wordpress-staging.fodjan.com\\\/de\\\/\"},{\"@type\":\"ListItem\",\"position\":2,\"name\":\"Impressum\"}]},{\"@type\":\"WebSite\",\"@id\":\"https:\\\/\\\/wordpress-staging.fodjan.com\\\/de\\\/#website\",\"url\":\"https:\\\/\\\/wordpress-staging.fodjan.com\\\/de\\\/\",\"name\":\"fodjan\",\"description\":\"Der digitale Assistent f\u00fcr die F\u00fctterung\",\"publisher\":{\"@id\":\"https:\\\/\\\/wordpress-staging.fodjan.com\\\/de\\\/#organization\"},\"alternateName\":\"smart feeding\",\"potentialAction\":[{\"@type\":\"SearchAction\",\"target\":{\"@type\":\"EntryPoint\",\"urlTemplate\":\"https:\\\/\\\/wordpress-staging.fodjan.com\\\/de\\\/?s={search_term_string}\"},\"query-input\":{\"@type\":\"PropertyValueSpecification\",\"valueRequired\":true,\"valueName\":\"search_term_string\"}}],\"inLanguage\":\"de\"},{\"@type\":\"Organization\",\"@id\":\"https:\\\/\\\/wordpress-staging.fodjan.com\\\/de\\\/#organization\",\"name\":\"fodjan GmbH\",\"alternateName\":\"smart feeding\",\"url\":\"https:\\\/\\\/wordpress-staging.fodjan.com\\\/de\\\/\",\"logo\":{\"@type\":\"ImageObject\",\"inLanguage\":\"de\",\"@id\":\"https:\\\/\\\/wordpress-staging.fodjan.com\\\/de\\\/#\\\/schema\\\/logo\\\/image\\\/\",\"url\":\"https:\\\/\\\/wordpress-staging.fodjan.com\\\/wp-content\\\/uploads\\\/2020\\\/04\\\/Logo_fodjan_2020.svg\",\"contentUrl\":\"https:\\\/\\\/wordpress-staging.fodjan.com\\\/wp-content\\\/uploads\\\/2020\\\/04\\\/Logo_fodjan_2020.svg\",\"width\":5000,\"height\":1500,\"caption\":\"fodjan GmbH\"},\"image\":{\"@id\":\"https:\\\/\\\/wordpress-staging.fodjan.com\\\/de\\\/#\\\/schema\\\/logo\\\/image\\\/\"},\"sameAs\":[\"https:\\\/\\\/de-de.facebook.com\\\/fodjan.de\\\/\",\"https:\\\/\\\/x.com\\\/fodjan\",\"https:\\\/\\\/www.linkedin.com\\\/company\\\/fodjan-gmbh\",\"https:\\\/\\\/www.youtube.com\\\/channel\\\/UCKwdzpWq1uy0sblX3_VIKHg\"]}]}<\/script>\n<!-- \/ Yoast SEO plugin. -->","yoast_head_json":{"title":"fodjan smart feeding","description":"So erreichen Sie uns bei fodjan | Hier finden Sie unsere Adresse, Telefonnummer, E-Mail-Kontakt, uvm.","robots":{"index":"index","follow":"follow","max-snippet":"max-snippet:-1","max-image-preview":"max-image-preview:large","max-video-preview":"max-video-preview:-1"},"canonical":"https:\/\/wordpress-staging.fodjan.com\/de\/impressum\/","og_locale":"de_DE","og_type":"article","og_title":"Impressum - fodjan smart feeding","og_description":"So erreichen Sie uns bei fodjan | Hier finden Sie unsere Adresse, Telefonnummer, E-Mail-Kontakt, uvm.","og_url":"https:\/\/wordpress-staging.fodjan.com\/de\/impressum\/","og_site_name":"fodjan smart feeding","article_publisher":"https:\/\/de-de.facebook.com\/fodjan.de\/","article_modified_time":"2026-04-29T14:08:09+00:00","og_image":[{"width":1920,"height":1280,"url":"https:\/\/wordpress-staging.fodjan.com\/wp-content\/uploads\/2020\/05\/fodjan_App.jpg","type":"image\/jpeg"}],"twitter_card":"summary_large_image","twitter_site":"@fodjan","schema":{"@context":"https:\/\/schema.org","@graph":[{"@type":"WebPage","@id":"https:\/\/wordpress-staging.fodjan.com\/de\/impressum\/","url":"https:\/\/wordpress-staging.fodjan.com\/de\/impressum\/","name":"Impressum - fodjan smart feeding","isPartOf":{"@id":"https:\/\/wordpress-staging.fodjan.com\/de\/#website"},"datePublished":"2020-04-10T16:10:53+00:00","dateModified":"2026-04-29T14:08:09+00:00","description":"So erreichen Sie uns bei fodjan | Hier finden Sie unsere Adresse, Telefonnummer, E-Mail-Kontakt, uvm.","breadcrumb":{"@id":"https:\/\/wordpress-staging.fodjan.com\/de\/impressum\/#breadcrumb"},"inLanguage":"de","potentialAction":[{"@type":"ReadAction","target":["https:\/\/wordpress-staging.fodjan.com\/de\/impressum\/"]}]},{"@type":"BreadcrumbList","@id":"https:\/\/wordpress-staging.fodjan.com\/de\/impressum\/#breadcrumb","itemListElement":[{"@type":"ListItem","position":1,"name":"Home","item":"https:\/\/wordpress-staging.fodjan.com\/de\/"},{"@type":"ListItem","position":2,"name":"Impressum"}]},{"@type":"WebSite","@id":"https:\/\/wordpress-staging.fodjan.com\/de\/#website","url":"https:\/\/wordpress-staging.fodjan.com\/de\/","name":"fodjan","description":"Der digitale Assistent f\u00fcr die F\u00fctterung","publisher":{"@id":"https:\/\/wordpress-staging.fodjan.com\/de\/#organization"},"alternateName":"smart feeding","potentialAction":[{"@type":"SearchAction","target":{"@type":"EntryPoint","urlTemplate":"https:\/\/wordpress-staging.fodjan.com\/de\/?s={search_term_string}"},"query-input":{"@type":"PropertyValueSpecification","valueRequired":true,"valueName":"search_term_string"}}],"inLanguage":"de"},{"@type":"Organization","@id":"https:\/\/wordpress-staging.fodjan.com\/de\/#organization","name":"fodjan GmbH","alternateName":"smart feeding","url":"https:\/\/wordpress-staging.fodjan.com\/de\/","logo":{"@type":"ImageObject","inLanguage":"de","@id":"https:\/\/wordpress-staging.fodjan.com\/de\/#\/schema\/logo\/image\/","url":"https:\/\/wordpress-staging.fodjan.com\/wp-content\/uploads\/2020\/04\/Logo_fodjan_2020.svg","contentUrl":"https:\/\/wordpress-staging.fodjan.com\/wp-content\/uploads\/2020\/04\/Logo_fodjan_2020.svg","width":5000,"height":1500,"caption":"fodjan GmbH"},"image":{"@id":"https:\/\/wordpress-staging.fodjan.com\/de\/#\/schema\/logo\/image\/"},"sameAs":["https:\/\/de-de.facebook.com\/fodjan.de\/","https:\/\/x.com\/fodjan","https:\/\/www.linkedin.com\/company\/fodjan-gmbh","https:\/\/www.youtube.com\/channel\/UCKwdzpWq1uy0sblX3_VIKHg"]}]}},"_links":{"self":[{"href":"https:\/\/wordpress-staging.fodjan.com\/de\/wp-json\/wp\/v2\/pages\/329","targetHints":{"allow":["GET"]}}],"collection":[{"href":"https:\/\/wordpress-staging.fodjan.com\/de\/wp-json\/wp\/v2\/pages"}],"about":[{"href":"https:\/\/wordpress-staging.fodjan.com\/de\/wp-json\/wp\/v2\/types\/page"}],"author":[{"embeddable":true,"href":"https:\/\/wordpress-staging.fodjan.com\/de\/wp-json\/wp\/v2\/users\/3"}],"replies":[{"embeddable":true,"href":"https:\/\/wordpress-staging.fodjan.com\/de\/wp-json\/wp\/v2\/comments?post=329"}],"version-history":[{"count":3,"href":"https:\/\/wordpress-staging.fodjan.com\/de\/wp-json\/wp\/v2\/pages\/329\/revisions"}],"predecessor-version":[{"id":15464,"href":"https:\/\/wordpress-staging.fodjan.com\/de\/wp-json\/wp\/v2\/pages\/329\/revisions\/15464"}],"wp:attachment":[{"href":"https:\/\/wordpress-staging.fodjan.com\/de\/wp-json\/wp\/v2\/media?parent=329"}],"wp:term":[{"taxonomy":"category","embeddable":true,"href":"https:\/\/wordpress-staging.fodjan.com\/de\/wp-json\/wp\/v2\/categories?post=329"},{"taxonomy":"post_tag","embeddable":true,"href":"https:\/\/wordpress-staging.fodjan.com\/de\/wp-json\/wp\/v2\/tags?post=329"}],"curies":[{"name":"wp","href":"https:\/\/api.w.org\/{rel}","templated":true}]}}