{"id":3562,"date":"2020-08-04T09:49:52","date_gmt":"2020-08-04T07:49:52","guid":{"rendered":"http:\/\/fodjan.net\/?page_id=3562"},"modified":"2025-07-29T10:47:05","modified_gmt":"2025-07-29T08:47:05","slug":"auftragsverarbeitung","status":"publish","type":"page","link":"https:\/\/wordpress-staging.fodjan.com\/de\/auftragsverarbeitung\/","title":{"rendered":"Vertrag zur Auftragsverarbeitung"},"content":{"rendered":"\n<h4 class=\"wp-block-heading\">Pr\u00e4ambel<\/h4>\n\n\n\n<p>Der Auftraggeber m\u00f6chte den Auftragnehmer mit den in \u00a7 3 genannten Leistungen beauftragen. Teil der Vertragsdurchf\u00fchrung ist die Verarbeitung von personenbezogenen Daten. Insbesondere Art. 28 DS-GVO stellt bestimmte Anforderungen an eine solche Auftragsverarbeitung. Zur Wahrung dieser Anforderungen schlie\u00dfen die Parteien die nachfolgende Vereinbarung, deren Erf\u00fcllung nicht gesondert verg\u00fctet wird, sofern dies nicht ausdr\u00fccklich vereinbart ist.<\/p>\n\n\n\n<div class=\"wp-block-file\"><a id=\"wp-block-file--media-ad40eed4-275b-4371-8e32-5138371286df\" href=\"https:\/\/wordpress-staging.fodjan.com\/wp-content\/uploads\/2025\/07\/Vertrag-zur-Auftragsverarbeitung_fodjan.pdf\">Vertrag zur Auftragsverarbeitung_fodjan<\/a><a href=\"https:\/\/wordpress-staging.fodjan.com\/wp-content\/uploads\/2025\/07\/Vertrag-zur-Auftragsverarbeitung_fodjan.pdf\" class=\"wp-block-file__button wp-element-button\" download aria-describedby=\"wp-block-file--media-ad40eed4-275b-4371-8e32-5138371286df\">Herunterladen<\/a><\/div>\n\n\n\n<div class=\"wp-block-file\"><a id=\"wp-block-file--media-618c24d0-a73a-4db0-a180-a7e5f331377f\" href=\"https:\/\/wordpress-staging.fodjan.com\/wp-content\/uploads\/2025\/07\/Order-Processing-Contract_fodjan.pdf\">Order Processing Contract_fodjan<\/a><a href=\"https:\/\/wordpress-staging.fodjan.com\/wp-content\/uploads\/2025\/07\/Order-Processing-Contract_fodjan.pdf\" class=\"wp-block-file__button wp-element-button\" download aria-describedby=\"wp-block-file--media-618c24d0-a73a-4db0-a180-a7e5f331377f\">Herunterladen<\/a><\/div>\n\n\n\n<div style=\"height:100px\" aria-hidden=\"true\" class=\"wp-block-spacer\"><\/div>\n","protected":false},"excerpt":{"rendered":"<p>Pr\u00e4ambel Der Auftraggeber m\u00f6chte den Auftragnehmer mit den in \u00a7 3 genannten Leistungen beauftragen. Teil der Vertragsdurchf\u00fchrung ist die Verarbeitung [&hellip;]<\/p>\n","protected":false},"author":3,"featured_media":0,"parent":0,"menu_order":0,"comment_status":"closed","ping_status":"closed","template":"","meta":{"_acf_changed":false,"inline_featured_image":false,"footnotes":""},"categories":[],"tags":[281],"class_list":["post-3562","page","type-page","status-publish","hentry","tag-rechtliches-nicht-ueber-nav-erreichbar"],"acf":[],"yoast_head":"<!-- This site is optimized with the Yoast SEO plugin v27.5 - https:\/\/yoast.com\/product\/yoast-seo-wordpress\/ -->\n<title>fodjan smart feeding<\/title>\n<meta name=\"robots\" content=\"index, follow, max-snippet:-1, max-image-preview:large, max-video-preview:-1\" \/>\n<link rel=\"canonical\" href=\"https:\/\/wordpress-staging.fodjan.com\/de\/auftragsverarbeitung\/\" \/>\n<meta property=\"og:locale\" content=\"de_DE\" \/>\n<meta property=\"og:type\" content=\"article\" \/>\n<meta property=\"og:title\" content=\"Vertrag zur Auftragsverarbeitung - fodjan smart feeding\" \/>\n<meta property=\"og:description\" content=\"Pr\u00e4ambel Der Auftraggeber m\u00f6chte den Auftragnehmer mit den in \u00a7 3 genannten Leistungen beauftragen. Teil der Vertragsdurchf\u00fchrung ist die Verarbeitung [&hellip;]\" \/>\n<meta property=\"og:url\" content=\"https:\/\/wordpress-staging.fodjan.com\/de\/auftragsverarbeitung\/\" \/>\n<meta property=\"og:site_name\" content=\"fodjan smart feeding\" \/>\n<meta property=\"article:publisher\" content=\"https:\/\/de-de.facebook.com\/fodjan.de\/\" \/>\n<meta property=\"article:modified_time\" content=\"2025-07-29T08:47:05+00:00\" \/>\n<meta property=\"og:image\" content=\"https:\/\/wordpress-staging.fodjan.com\/wp-content\/uploads\/2020\/05\/fodjan_App.jpg\" \/>\n\t<meta property=\"og:image:width\" content=\"1920\" \/>\n\t<meta property=\"og:image:height\" content=\"1280\" \/>\n\t<meta property=\"og:image:type\" content=\"image\/jpeg\" \/>\n<meta name=\"twitter:card\" content=\"summary_large_image\" \/>\n<meta name=\"twitter:site\" content=\"@fodjan\" \/>\n<script type=\"application\/ld+json\" class=\"yoast-schema-graph\">{\"@context\":\"https:\\\/\\\/schema.org\",\"@graph\":[{\"@type\":\"WebPage\",\"@id\":\"https:\\\/\\\/wordpress-staging.fodjan.com\\\/de\\\/auftragsverarbeitung\\\/\",\"url\":\"https:\\\/\\\/wordpress-staging.fodjan.com\\\/de\\\/auftragsverarbeitung\\\/\",\"name\":\"Vertrag zur Auftragsverarbeitung - fodjan smart feeding\",\"isPartOf\":{\"@id\":\"https:\\\/\\\/wordpress-staging.fodjan.com\\\/de\\\/#website\"},\"datePublished\":\"2020-08-04T07:49:52+00:00\",\"dateModified\":\"2025-07-29T08:47:05+00:00\",\"breadcrumb\":{\"@id\":\"https:\\\/\\\/wordpress-staging.fodjan.com\\\/de\\\/auftragsverarbeitung\\\/#breadcrumb\"},\"inLanguage\":\"de\",\"potentialAction\":[{\"@type\":\"ReadAction\",\"target\":[\"https:\\\/\\\/wordpress-staging.fodjan.com\\\/de\\\/auftragsverarbeitung\\\/\"]}]},{\"@type\":\"BreadcrumbList\",\"@id\":\"https:\\\/\\\/wordpress-staging.fodjan.com\\\/de\\\/auftragsverarbeitung\\\/#breadcrumb\",\"itemListElement\":[{\"@type\":\"ListItem\",\"position\":1,\"name\":\"Home\",\"item\":\"https:\\\/\\\/wordpress-staging.fodjan.com\\\/de\\\/\"},{\"@type\":\"ListItem\",\"position\":2,\"name\":\"Vertrag zur Auftragsverarbeitung\"}]},{\"@type\":\"WebSite\",\"@id\":\"https:\\\/\\\/wordpress-staging.fodjan.com\\\/de\\\/#website\",\"url\":\"https:\\\/\\\/wordpress-staging.fodjan.com\\\/de\\\/\",\"name\":\"fodjan\",\"description\":\"Der digitale Assistent f\u00fcr die F\u00fctterung\",\"publisher\":{\"@id\":\"https:\\\/\\\/wordpress-staging.fodjan.com\\\/de\\\/#organization\"},\"alternateName\":\"smart feeding\",\"potentialAction\":[{\"@type\":\"SearchAction\",\"target\":{\"@type\":\"EntryPoint\",\"urlTemplate\":\"https:\\\/\\\/wordpress-staging.fodjan.com\\\/de\\\/?s={search_term_string}\"},\"query-input\":{\"@type\":\"PropertyValueSpecification\",\"valueRequired\":true,\"valueName\":\"search_term_string\"}}],\"inLanguage\":\"de\"},{\"@type\":\"Organization\",\"@id\":\"https:\\\/\\\/wordpress-staging.fodjan.com\\\/de\\\/#organization\",\"name\":\"fodjan GmbH\",\"alternateName\":\"smart feeding\",\"url\":\"https:\\\/\\\/wordpress-staging.fodjan.com\\\/de\\\/\",\"logo\":{\"@type\":\"ImageObject\",\"inLanguage\":\"de\",\"@id\":\"https:\\\/\\\/wordpress-staging.fodjan.com\\\/de\\\/#\\\/schema\\\/logo\\\/image\\\/\",\"url\":\"https:\\\/\\\/wordpress-staging.fodjan.com\\\/wp-content\\\/uploads\\\/2020\\\/04\\\/Logo_fodjan_2020.svg\",\"contentUrl\":\"https:\\\/\\\/wordpress-staging.fodjan.com\\\/wp-content\\\/uploads\\\/2020\\\/04\\\/Logo_fodjan_2020.svg\",\"width\":5000,\"height\":1500,\"caption\":\"fodjan GmbH\"},\"image\":{\"@id\":\"https:\\\/\\\/wordpress-staging.fodjan.com\\\/de\\\/#\\\/schema\\\/logo\\\/image\\\/\"},\"sameAs\":[\"https:\\\/\\\/de-de.facebook.com\\\/fodjan.de\\\/\",\"https:\\\/\\\/x.com\\\/fodjan\",\"https:\\\/\\\/www.linkedin.com\\\/company\\\/fodjan-gmbh\",\"https:\\\/\\\/www.youtube.com\\\/channel\\\/UCKwdzpWq1uy0sblX3_VIKHg\"]}]}<\/script>\n<!-- \/ Yoast SEO plugin. -->","yoast_head_json":{"title":"fodjan smart feeding","robots":{"index":"index","follow":"follow","max-snippet":"max-snippet:-1","max-image-preview":"max-image-preview:large","max-video-preview":"max-video-preview:-1"},"canonical":"https:\/\/wordpress-staging.fodjan.com\/de\/auftragsverarbeitung\/","og_locale":"de_DE","og_type":"article","og_title":"Vertrag zur Auftragsverarbeitung - fodjan smart feeding","og_description":"Pr\u00e4ambel Der Auftraggeber m\u00f6chte den Auftragnehmer mit den in \u00a7 3 genannten Leistungen beauftragen. Teil der Vertragsdurchf\u00fchrung ist die Verarbeitung [&hellip;]","og_url":"https:\/\/wordpress-staging.fodjan.com\/de\/auftragsverarbeitung\/","og_site_name":"fodjan smart feeding","article_publisher":"https:\/\/de-de.facebook.com\/fodjan.de\/","article_modified_time":"2025-07-29T08:47:05+00:00","og_image":[{"width":1920,"height":1280,"url":"https:\/\/wordpress-staging.fodjan.com\/wp-content\/uploads\/2020\/05\/fodjan_App.jpg","type":"image\/jpeg"}],"twitter_card":"summary_large_image","twitter_site":"@fodjan","schema":{"@context":"https:\/\/schema.org","@graph":[{"@type":"WebPage","@id":"https:\/\/wordpress-staging.fodjan.com\/de\/auftragsverarbeitung\/","url":"https:\/\/wordpress-staging.fodjan.com\/de\/auftragsverarbeitung\/","name":"Vertrag zur Auftragsverarbeitung - fodjan smart feeding","isPartOf":{"@id":"https:\/\/wordpress-staging.fodjan.com\/de\/#website"},"datePublished":"2020-08-04T07:49:52+00:00","dateModified":"2025-07-29T08:47:05+00:00","breadcrumb":{"@id":"https:\/\/wordpress-staging.fodjan.com\/de\/auftragsverarbeitung\/#breadcrumb"},"inLanguage":"de","potentialAction":[{"@type":"ReadAction","target":["https:\/\/wordpress-staging.fodjan.com\/de\/auftragsverarbeitung\/"]}]},{"@type":"BreadcrumbList","@id":"https:\/\/wordpress-staging.fodjan.com\/de\/auftragsverarbeitung\/#breadcrumb","itemListElement":[{"@type":"ListItem","position":1,"name":"Home","item":"https:\/\/wordpress-staging.fodjan.com\/de\/"},{"@type":"ListItem","position":2,"name":"Vertrag zur Auftragsverarbeitung"}]},{"@type":"WebSite","@id":"https:\/\/wordpress-staging.fodjan.com\/de\/#website","url":"https:\/\/wordpress-staging.fodjan.com\/de\/","name":"fodjan","description":"Der digitale Assistent f\u00fcr die F\u00fctterung","publisher":{"@id":"https:\/\/wordpress-staging.fodjan.com\/de\/#organization"},"alternateName":"smart feeding","potentialAction":[{"@type":"SearchAction","target":{"@type":"EntryPoint","urlTemplate":"https:\/\/wordpress-staging.fodjan.com\/de\/?s={search_term_string}"},"query-input":{"@type":"PropertyValueSpecification","valueRequired":true,"valueName":"search_term_string"}}],"inLanguage":"de"},{"@type":"Organization","@id":"https:\/\/wordpress-staging.fodjan.com\/de\/#organization","name":"fodjan GmbH","alternateName":"smart feeding","url":"https:\/\/wordpress-staging.fodjan.com\/de\/","logo":{"@type":"ImageObject","inLanguage":"de","@id":"https:\/\/wordpress-staging.fodjan.com\/de\/#\/schema\/logo\/image\/","url":"https:\/\/wordpress-staging.fodjan.com\/wp-content\/uploads\/2020\/04\/Logo_fodjan_2020.svg","contentUrl":"https:\/\/wordpress-staging.fodjan.com\/wp-content\/uploads\/2020\/04\/Logo_fodjan_2020.svg","width":5000,"height":1500,"caption":"fodjan GmbH"},"image":{"@id":"https:\/\/wordpress-staging.fodjan.com\/de\/#\/schema\/logo\/image\/"},"sameAs":["https:\/\/de-de.facebook.com\/fodjan.de\/","https:\/\/x.com\/fodjan","https:\/\/www.linkedin.com\/company\/fodjan-gmbh","https:\/\/www.youtube.com\/channel\/UCKwdzpWq1uy0sblX3_VIKHg"]}]}},"_links":{"self":[{"href":"https:\/\/wordpress-staging.fodjan.com\/de\/wp-json\/wp\/v2\/pages\/3562","targetHints":{"allow":["GET"]}}],"collection":[{"href":"https:\/\/wordpress-staging.fodjan.com\/de\/wp-json\/wp\/v2\/pages"}],"about":[{"href":"https:\/\/wordpress-staging.fodjan.com\/de\/wp-json\/wp\/v2\/types\/page"}],"author":[{"embeddable":true,"href":"https:\/\/wordpress-staging.fodjan.com\/de\/wp-json\/wp\/v2\/users\/3"}],"replies":[{"embeddable":true,"href":"https:\/\/wordpress-staging.fodjan.com\/de\/wp-json\/wp\/v2\/comments?post=3562"}],"version-history":[{"count":6,"href":"https:\/\/wordpress-staging.fodjan.com\/de\/wp-json\/wp\/v2\/pages\/3562\/revisions"}],"predecessor-version":[{"id":15448,"href":"https:\/\/wordpress-staging.fodjan.com\/de\/wp-json\/wp\/v2\/pages\/3562\/revisions\/15448"}],"wp:attachment":[{"href":"https:\/\/wordpress-staging.fodjan.com\/de\/wp-json\/wp\/v2\/media?parent=3562"}],"wp:term":[{"taxonomy":"category","embeddable":true,"href":"https:\/\/wordpress-staging.fodjan.com\/de\/wp-json\/wp\/v2\/categories?post=3562"},{"taxonomy":"post_tag","embeddable":true,"href":"https:\/\/wordpress-staging.fodjan.com\/de\/wp-json\/wp\/v2\/tags?post=3562"}],"curies":[{"name":"wp","href":"https:\/\/api.w.org\/{rel}","templated":true}]}}